{"id":1487,"date":"2022-06-08T08:27:09","date_gmt":"2022-06-08T08:27:09","guid":{"rendered":"https:\/\/endorseme4seas.com\/?page_id=1487"},"modified":"2023-10-05T12:37:07","modified_gmt":"2023-10-05T12:37:07","slug":"about-the-project-short","status":"publish","type":"page","link":"https:\/\/endorseme4seas.com\/es\/about-the-project-short\/","title":{"rendered":"About the project &#8211; short"},"content":{"rendered":"<p>El proyecto desarrollar\u00e1 una plataforma para diversos niveles de gente de mar. La plataforma tendr\u00e1 una opci\u00f3n para investigar la aceptaci\u00f3n\/respaldo de los certificados de navegaci\u00f3n mar\u00edtima. El proyecto ENDORSEME tiene como objetivo:<\/p>\n<ul>\n<li>Identifies the problems associated with recognition\/endorsement of certificates in a questionnaire-based needs analysis and gathers information based on the investigation of undiscovered areas.<\/li>\n<li>Develops a platform and complementary online tool for seafarers, shipping companies, and MET institutions to identify whether the certificates of seafarers are accepted\/endorsed by one country to another.<\/li>\n<\/ul>\n<p>La plataforma ENDORSEME cruzar\u00e1 los certificados disponibles para la profesi\u00f3n mar\u00edtima para proporcionar un sistema de mayor calidad que se adapte a cada estado miembro individual. Tambi\u00e9n permitir\u00e1 que los programas MET se mantengan actualizados con los cambios en los requisitos a nivel local e internacional con una interrupci\u00f3n m\u00ednima de otras \u00e1reas centrales del programa. El sistema de garant\u00eda de calidad de la plataforma ENDORSEME permitir\u00e1 ver y transferir las buenas pr\u00e1cticas a otros estados miembros, as\u00ed como mantener una alta calidad de la educaci\u00f3n, la formaci\u00f3n y la evaluaci\u00f3n.<\/p>","protected":false},"excerpt":{"rendered":"<p>The project develops a platform for various ranks of seafarers. The platform has an option to investigate acceptance\/endorsement of sea-going certificates. ENDORSEME project aims to: Identifies the problems associated with &#8230;<\/p>","protected":false},"author":2,"featured_media":0,"parent":0,"menu_order":0,"comment_status":"closed","ping_status":"closed","template":"","meta":{"footnotes":""},"class_list":["post-1487","page","type-page","status-publish","hentry"],"jetpack-related-posts":[],"jetpack_sharing_enabled":true,"_links":{"self":[{"href":"https:\/\/endorseme4seas.com\/es\/wp-json\/wp\/v2\/pages\/1487","targetHints":{"allow":["GET"]}}],"collection":[{"href":"https:\/\/endorseme4seas.com\/es\/wp-json\/wp\/v2\/pages"}],"about":[{"href":"https:\/\/endorseme4seas.com\/es\/wp-json\/wp\/v2\/types\/page"}],"author":[{"embeddable":true,"href":"https:\/\/endorseme4seas.com\/es\/wp-json\/wp\/v2\/users\/2"}],"replies":[{"embeddable":true,"href":"https:\/\/endorseme4seas.com\/es\/wp-json\/wp\/v2\/comments?post=1487"}],"version-history":[{"count":4,"href":"https:\/\/endorseme4seas.com\/es\/wp-json\/wp\/v2\/pages\/1487\/revisions"}],"predecessor-version":[{"id":1838,"href":"https:\/\/endorseme4seas.com\/es\/wp-json\/wp\/v2\/pages\/1487\/revisions\/1838"}],"wp:attachment":[{"href":"https:\/\/endorseme4seas.com\/es\/wp-json\/wp\/v2\/media?parent=1487"}],"curies":[{"name":"wp","href":"https:\/\/api.w.org\/{rel}","templated":true}]}}