{"id":1782,"date":"2023-06-06T07:59:41","date_gmt":"2023-06-06T07:59:41","guid":{"rendered":"https:\/\/endorseme4seas.com\/?page_id=1782"},"modified":"2023-10-05T12:47:22","modified_gmt":"2023-10-05T12:47:22","slug":"online-area","status":"publish","type":"page","link":"https:\/\/endorseme4seas.com\/es\/online-area\/","title":{"rendered":"\u00c1REA ONLINE"},"content":{"rendered":"<p>El \u00c1rea online brinda la oportunidad a todas las partes interesadas en la industria mar\u00edtima de encontrar informaci\u00f3n sobre la capacitaci\u00f3n y certificaci\u00f3n de la gente de mar y los procesos de reconocimiento de certificados.<\/p>\n\n\n\n<p>In the Online Area is available the EndorseMe Tool database. To access it, please first register using your organisations\u2019 email address to start the approval process by the EndorseMe team. After registering, you will be contacted by email.<\/p>\n\n\n\n<p><a href=\"https:\/\/endorseme4seas.com\/es\/endorseme-tool-data\/\">Acceso a la base de datos de la herramienta EndorseMe<\/a><\/p>","protected":false},"excerpt":{"rendered":"<p>The Online Area provides the opportunity to all stakeholders interested in maritime industry, to find information about training and certification of the seafarers and certificate recognition processes. In the Online &#8230;<\/p>","protected":false},"author":2,"featured_media":0,"parent":0,"menu_order":0,"comment_status":"closed","ping_status":"closed","template":"template-fullwidth.php","meta":{"footnotes":""},"class_list":["post-1782","page","type-page","status-publish","hentry"],"jetpack-related-posts":[],"jetpack_sharing_enabled":true,"_links":{"self":[{"href":"https:\/\/endorseme4seas.com\/es\/wp-json\/wp\/v2\/pages\/1782","targetHints":{"allow":["GET"]}}],"collection":[{"href":"https:\/\/endorseme4seas.com\/es\/wp-json\/wp\/v2\/pages"}],"about":[{"href":"https:\/\/endorseme4seas.com\/es\/wp-json\/wp\/v2\/types\/page"}],"author":[{"embeddable":true,"href":"https:\/\/endorseme4seas.com\/es\/wp-json\/wp\/v2\/users\/2"}],"replies":[{"embeddable":true,"href":"https:\/\/endorseme4seas.com\/es\/wp-json\/wp\/v2\/comments?post=1782"}],"version-history":[{"count":6,"href":"https:\/\/endorseme4seas.com\/es\/wp-json\/wp\/v2\/pages\/1782\/revisions"}],"predecessor-version":[{"id":1870,"href":"https:\/\/endorseme4seas.com\/es\/wp-json\/wp\/v2\/pages\/1782\/revisions\/1870"}],"wp:attachment":[{"href":"https:\/\/endorseme4seas.com\/es\/wp-json\/wp\/v2\/media?parent=1782"}],"curies":[{"name":"wp","href":"https:\/\/api.w.org\/{rel}","templated":true}]}}