{"id":1442,"date":"2022-06-08T06:39:45","date_gmt":"2022-06-08T06:39:45","guid":{"rendered":"https:\/\/endorseme4seas.com\/?page_id=1442"},"modified":"2023-10-05T12:32:12","modified_gmt":"2023-10-05T12:32:12","slug":"about-the-project","status":"publish","type":"page","link":"https:\/\/endorseme4seas.com\/ro\/about-the-project\/","title":{"rendered":"DESPRE PROIECT"},"content":{"rendered":"<p>\u00cen 1978, Organiza\u021bia Maritim\u0103 Interna\u021bional\u0103 (IMO) a elaborat primul standard pentru programele de educa\u021bie \u0219i formare profesional\u0103 (VET) pentru ofi\u021berii din marina comercial\u0103. Marinarii sunt instrui\u021bi \u0219i certifica\u021bi de administra\u021biile na\u021bionale care respect\u0103 standardele minime stabilite prin Conven\u021bia interna\u021bional\u0103 privind standardele de formare, brevetare \u0219i efectuare a serviciului de cart pentru navigatori (STCW). \u00cen pofida acestor eforturi, nu exist\u0103 mecanisme de monitorizare a modului \u00een care aceste standarde sunt aplicate \u00een diferite \u021b\u0103ri \u0219i, cu toate acestea, exist\u0103 o problem\u0103 pentru navigatori \u00een ceea ce prive\u0219te acceptarea\/aprobarea certificatelor lor atunci c\u00e2nd ace\u0219tia \u00eencearc\u0103 s\u0103 lucreze dintr-un stat de pavilion \u00een altul. Agen\u021bia European\u0103 pentru Siguran\u021b\u0103 Maritim\u0103 (EMSA) a \u00eenceput s\u0103 monitorizeze respectarea STCW pentru a contribui la opera\u021biuni mai sigure. Cu toate acestea, problema persist\u0103, deoarece navigatorii care de\u021bin un brevet de la o \u021bar\u0103 de pavilion nu pot lucra \u00een alt\u0103 \u021bar\u0103 de pavilion, deoarece exist\u0103 \u00eenc\u0103 multe \u021b\u0103ri care nu au \u00een vigoare o recunoa\u0219tere sau o aprobare reciproc\u0103. \u00cen trecut, au existat mai multe \u00eencerc\u0103ri de unificare a certific\u0103rilor \u0219i aprob\u0103rilor, \u00eens\u0103 acestea nu au rezolvat problema \u00een totalitate.<\/p>\n<p>Proiectul ENDORSEME vizeaz\u0103 dezvoltarea \u0219i furnizarea de produse \u0219i servicii de educa\u021bie \u0219i formare profesional\u0103, inclusiv dezvoltarea cuno\u0219tin\u021belor, a aptitudinilor \u0219i a competen\u021belor c\u0103tre p\u0103r\u021bile interesate externe, cum ar fi elevii, companiile \u0219i guvernele. Acesta dezvolt\u0103 programe VET flexibile \u0219i centrate pe cursant \u0219i care contribuie la eliminarea decalajelor existente \u00een ceea ce prive\u0219te accesul la formare pentru adul\u021bii de v\u00e2rst\u0103 activ\u0103, pentru a gestiona cu succes tranzi\u021biile pe pia\u021ba muncii. \u00cen plus, proiectul contribuie la dezvoltarea de programe de formare profesional\u0103 continu\u0103 concepute pentru a fi adaptabile la pia\u021ba for\u021bei de munc\u0103, precum \u0219i de programe care faciliteaz\u0103 transferul, recunoa\u0219terea \u0219i acumularea rezultatelor \u00eenv\u0103\u021b\u0103rii care conduc la calific\u0103ri na\u021bionale. \u00cen cele din urm\u0103, proiectul ENDORSEME faciliteaz\u0103 recunoa\u0219terea certificatelor navigatorilor, inclusiv a calific\u0103rilor, \u00een \u00eentreaga Europ\u0103 \u0219i \u00een \u00eentreaga lume. Modelul integrat pe care \u00eel reprezint\u0103 proiectul ENDORSEME reune\u0219te toate calific\u0103rile pentru navigatori, cum ar fi certificarea competen\u021belor, certificatele auxiliare STCW \u0219i urm\u0103re\u0219te s\u0103 permit\u0103 ca fiecare certificat s\u0103 fie acceptat reciproc de c\u0103tre \u021b\u0103rile europene ini\u021bial \u0219i, ulterior, la scar\u0103 mondial\u0103, \u00eentr-o manier\u0103 reactiv\u0103. Modelul va permite, de asemenea, o mai mare coeziune \u00eentre cerin\u021bele interna\u021bionale \u0219i cele locale \u00een ceea ce prive\u0219te MET \u00een statele membre, oferind un program de VET pe termen lung de mai bun\u0103 calitate \u0219i mai atractiv.<\/p>\n<p>Platforma ajut\u0103 diferitele categorii de navigatori, oferindu-le posibilitatea de a investiga acceptarea\/aprobarea certificatelor de navigator. Proiectul ENDORSEME are urm\u0103toarele obiective:<\/p>\n<p>- Identifice problemele asociate cu recunoa\u0219terea\/aprobarea certificatelor \u00een cadrul unei analize a nevoilor bazate pe chestionar \u0219i a informa\u021biilor bazate pe investigarea domeniilor nedescoperite,<\/p>\n<p>Elaboreze o platform\u0103 \u0219i un instrument complementar online pentru navigatori, companii de transport maritim \u0219i institu\u021bii MET pentru a identifica dac\u0103 certificatele navigatorilor sunt acceptate\/avizate dintr-o \u021bar\u0103 \u00een alta.<\/p>\n<p>Platforma ENDORSEME intercaleaza certificatele disponibile profesiei de navigator pentru a oferi un sistem de calitate superioar\u0103 care se potrive\u0219te fiec\u0103rui stat membru \u00een parte. De asemenea, permite programelor MET s\u0103 r\u0103m\u00e2n\u0103 la curent cu modific\u0103rile aduse cerin\u021belor la nivel local \u0219i interna\u021bional, cu perturb\u0103ri minime \u00een alte domenii de baz\u0103 ale programului. Sistemul de asigurare a calit\u0103\u021bii al platformei ENDORSEME permite ca bunele practici s\u0103 fie v\u0103zute \u0219i transferate c\u0103tre alte state membre, men\u021bin\u00e2nd \u00een acela\u0219i timp o calitate \u00eenalt\u0103 a educa\u021biei, form\u0103rii \u0219i evalu\u0103rii.<\/p>\n<p>ENDORSEME permite autorit\u0103\u021bilor s\u0103 monitorizeze succesul diferitelor sisteme \u0219i cerin\u021be prin dezvoltarea unui sistem de asigurare \u0219i control al calit\u0103\u021bii pentru eliberarea acestor certificate. Acesta faciliteaz\u0103 transferul de `bune practici` \u00eentre statele membre \u0219i la nivel mondial, asigur\u00e2nd \u00een acela\u0219i timp programe de \u00eenalt\u0103 calitate. Platforma care reune\u0219te toate autorit\u0103\u021bile mondiale permite transferul de inova\u021bii pentru a se asigura c\u0103 ENDORSEME men\u021bine un standard ridicat de recunoa\u0219tere. ENDORSEME sprijin\u0103 dezvoltarea personal\u0103 continu\u0103 a navigatorilor \u00een cadrul VET (educa\u021bie \u0219i formare profesional\u0103) pentru to\u021bi navigatorii din sectorul maritim din Europa. ENDORSEME face trimiteri \u00eencruci\u0219ate la cerin\u021bele STCW, permi\u021b\u00e2nd astfel navigatorilor s\u0103 fie mai mobili \u00een orice \u021bar\u0103 european\u0103, promov\u00e2nd astfel programul \"Cet\u0103\u021benie\". ENDORSEME include, de asemenea, cerin\u021bele locale \u0219i na\u021bionale ale fiec\u0103rei \u021b\u0103ri, promov\u00e2nd astfel ac\u021biunile \u00een domeniul transparen\u021bei \u0219i al recunoa\u0219terii competen\u021belor \u0219i calific\u0103rilor \u00eentre \u021b\u0103rile vecine \u0219i interna\u021bionale. Parteneriatul, care colaboreaz\u0103 cu principalele organisme de atribuire, acreditare \u0219i autorizare, face trimiteri \u00eencruci\u0219ate \u0219i include cerin\u021bele interna\u021bionale \u0219i locale\/na\u021bionale \u00een scopul de a integra instrumentul de recunoa\u0219tere ini\u021bial \u00een 5 sisteme partenere de educa\u021bie \u0219i formare \u00een domeniul maritim (MET) din Europa. Odat\u0103 dezvoltat, instrumentul ENDORSEME va facilita aprobarea tuturor certific\u0103rilor primite de la un jude\u021b la altul \u00een \u021b\u0103rile partenere \u0219i \u00een Europa. Se va stabili, de asemenea, o practic\u0103 de asigurare \u0219i control al calit\u0103\u021bii bazat\u0103 pe un sistem respectat de furnizare a ENDORSEME pentru a garanta c\u0103 autorit\u0103\u021bile na\u021bionale continu\u0103 s\u0103 respecte cerin\u021bele.<\/p>","protected":false},"excerpt":{"rendered":"<p>The International Maritime Organisation (IMO) developed the first standard for Vocational Education and Training (VET) programmes for merchant navy officers in 1978. Seafarers are trained and certified by national administrations &#8230;<\/p>","protected":false},"author":2,"featured_media":0,"parent":0,"menu_order":0,"comment_status":"closed","ping_status":"closed","template":"template-fullwidth.php","meta":{"footnotes":""},"class_list":["post-1442","page","type-page","status-publish","hentry"],"jetpack-related-posts":[],"jetpack_sharing_enabled":true,"_links":{"self":[{"href":"https:\/\/endorseme4seas.com\/ro\/wp-json\/wp\/v2\/pages\/1442","targetHints":{"allow":["GET"]}}],"collection":[{"href":"https:\/\/endorseme4seas.com\/ro\/wp-json\/wp\/v2\/pages"}],"about":[{"href":"https:\/\/endorseme4seas.com\/ro\/wp-json\/wp\/v2\/types\/page"}],"author":[{"embeddable":true,"href":"https:\/\/endorseme4seas.com\/ro\/wp-json\/wp\/v2\/users\/2"}],"replies":[{"embeddable":true,"href":"https:\/\/endorseme4seas.com\/ro\/wp-json\/wp\/v2\/comments?post=1442"}],"version-history":[{"count":4,"href":"https:\/\/endorseme4seas.com\/ro\/wp-json\/wp\/v2\/pages\/1442\/revisions"}],"predecessor-version":[{"id":1836,"href":"https:\/\/endorseme4seas.com\/ro\/wp-json\/wp\/v2\/pages\/1442\/revisions\/1836"}],"wp:attachment":[{"href":"https:\/\/endorseme4seas.com\/ro\/wp-json\/wp\/v2\/media?parent=1442"}],"curies":[{"name":"wp","href":"https:\/\/api.w.org\/{rel}","templated":true}]}}