{"id":1487,"date":"2022-06-08T08:27:09","date_gmt":"2022-06-08T08:27:09","guid":{"rendered":"https:\/\/endorseme4seas.com\/?page_id=1487"},"modified":"2023-10-05T12:37:07","modified_gmt":"2023-10-05T12:37:07","slug":"about-the-project-short","status":"publish","type":"page","link":"https:\/\/endorseme4seas.com\/ro\/about-the-project-short\/","title":{"rendered":"About the project &#8211; short"},"content":{"rendered":"<p>Proiectul dezvolt\u0103 o platform\u0103 pentru diferite tipuri de navigatori. Platforma are o op\u021biune de a investiga acceptarea\/aprobarea certificatelor maritime. Proiectul ENDORSEME \u00ee\u0219i propune s\u0103:<\/p>\n<ul>\n<li>Identifice problemele asociate cu recunoa\u0219terea\/aprobarea certificatelor \u00eentr-o analiz\u0103 a nevoilor bazat\u0103 pe chestionare \u0219i s\u0103 adune informa\u021bii pe baza investig\u0103rii ariilor nedescoperite.<\/li>\n<li>Elaboreze o platform\u0103 \u0219i un instrument complementar online pentru navigatori, companii de transport maritim \u0219i institu\u021bii MET pentru a identifica dac\u0103 certificatele navigatorilor sunt acceptate\/avizate dintr-o \u021bar\u0103 \u00een alta.<\/li>\n<\/ul>\n<p>Platforma ENDORSEME intercaleaza certificatele disponibile profesiei de navigator pentru a oferi un sistem de calitate superioar\u0103 care se potrive\u0219te fiec\u0103rui stat membru \u00een parte. De asemenea, permite programelor MET s\u0103 r\u0103m\u00e2n\u0103 la curent cu modific\u0103rile aduse cerin\u021belor la nivel local \u0219i interna\u021bional, cu perturb\u0103ri minime \u00een alte domenii de baz\u0103 ale programului. Sistemul de asigurare a calit\u0103\u021bii al platformei ENDORSEME permite ca bunele practici s\u0103 fie v\u0103zute \u0219i transferate c\u0103tre alte state membre, men\u021bin\u00e2nd \u00een acela\u0219i timp o calitate \u00eenalt\u0103 a educa\u021biei, form\u0103rii \u0219i evalu\u0103rii.<\/p>","protected":false},"excerpt":{"rendered":"<p>The project develops a platform for various ranks of seafarers. The platform has an option to investigate acceptance\/endorsement of sea-going certificates. ENDORSEME project aims to: Identifies the problems associated with &#8230;<\/p>","protected":false},"author":2,"featured_media":0,"parent":0,"menu_order":0,"comment_status":"closed","ping_status":"closed","template":"","meta":{"footnotes":""},"class_list":["post-1487","page","type-page","status-publish","hentry"],"jetpack-related-posts":[],"jetpack_sharing_enabled":true,"_links":{"self":[{"href":"https:\/\/endorseme4seas.com\/ro\/wp-json\/wp\/v2\/pages\/1487","targetHints":{"allow":["GET"]}}],"collection":[{"href":"https:\/\/endorseme4seas.com\/ro\/wp-json\/wp\/v2\/pages"}],"about":[{"href":"https:\/\/endorseme4seas.com\/ro\/wp-json\/wp\/v2\/types\/page"}],"author":[{"embeddable":true,"href":"https:\/\/endorseme4seas.com\/ro\/wp-json\/wp\/v2\/users\/2"}],"replies":[{"embeddable":true,"href":"https:\/\/endorseme4seas.com\/ro\/wp-json\/wp\/v2\/comments?post=1487"}],"version-history":[{"count":4,"href":"https:\/\/endorseme4seas.com\/ro\/wp-json\/wp\/v2\/pages\/1487\/revisions"}],"predecessor-version":[{"id":1838,"href":"https:\/\/endorseme4seas.com\/ro\/wp-json\/wp\/v2\/pages\/1487\/revisions\/1838"}],"wp:attachment":[{"href":"https:\/\/endorseme4seas.com\/ro\/wp-json\/wp\/v2\/media?parent=1487"}],"curies":[{"name":"wp","href":"https:\/\/api.w.org\/{rel}","templated":true}]}}