{"id":1782,"date":"2023-06-06T07:59:41","date_gmt":"2023-06-06T07:59:41","guid":{"rendered":"https:\/\/endorseme4seas.com\/?page_id=1782"},"modified":"2023-10-05T12:47:22","modified_gmt":"2023-10-05T12:47:22","slug":"online-area","status":"publish","type":"page","link":"https:\/\/endorseme4seas.com\/ro\/online-area\/","title":{"rendered":"SEC\u021aIUNE ONLINE"},"content":{"rendered":"<p>Sectiunea online ofer\u0103 tuturor p\u0103r\u021bilor interesate de industria maritim\u0103 posibilitatea de a g\u0103si informa\u021bii despre formarea \u0219i certificarea navigatorilor \u0219i despre procesele de recunoa\u0219tere a certificatelor.<\/p>\n\n\n\n<p>\u00cen sectiunea online este disponibil\u0103 baza de date a Instrumentului EndorseMe. Pentru a o accesa, v\u0103 rug\u0103m s\u0103 v\u0103 \u00eenregistra\u021bi mai \u00eent\u00e2i folosind adresa de e-mail a organiza\u021biei dumneavoastr\u0103 pentru a \u00eencepe procesul de aprobare de c\u0103tre echipa EndorseMe. Dup\u0103 \u00eenregistrare, ve\u021bi fi contactat prin e-mail.<\/p>\n\n\n\n<p><a href=\"https:\/\/endorseme4seas.com\/ro\/endorseme-tool-data\/\">Acces la baza de date EndorseMe Tool<\/a><\/p>","protected":false},"excerpt":{"rendered":"<p>The Online Area provides the opportunity to all stakeholders interested in maritime industry, to find information about training and certification of the seafarers and certificate recognition processes. In the Online &#8230;<\/p>","protected":false},"author":2,"featured_media":0,"parent":0,"menu_order":0,"comment_status":"closed","ping_status":"closed","template":"template-fullwidth.php","meta":{"footnotes":""},"class_list":["post-1782","page","type-page","status-publish","hentry"],"jetpack-related-posts":[],"jetpack_sharing_enabled":true,"_links":{"self":[{"href":"https:\/\/endorseme4seas.com\/ro\/wp-json\/wp\/v2\/pages\/1782","targetHints":{"allow":["GET"]}}],"collection":[{"href":"https:\/\/endorseme4seas.com\/ro\/wp-json\/wp\/v2\/pages"}],"about":[{"href":"https:\/\/endorseme4seas.com\/ro\/wp-json\/wp\/v2\/types\/page"}],"author":[{"embeddable":true,"href":"https:\/\/endorseme4seas.com\/ro\/wp-json\/wp\/v2\/users\/2"}],"replies":[{"embeddable":true,"href":"https:\/\/endorseme4seas.com\/ro\/wp-json\/wp\/v2\/comments?post=1782"}],"version-history":[{"count":6,"href":"https:\/\/endorseme4seas.com\/ro\/wp-json\/wp\/v2\/pages\/1782\/revisions"}],"predecessor-version":[{"id":1870,"href":"https:\/\/endorseme4seas.com\/ro\/wp-json\/wp\/v2\/pages\/1782\/revisions\/1870"}],"wp:attachment":[{"href":"https:\/\/endorseme4seas.com\/ro\/wp-json\/wp\/v2\/media?parent=1782"}],"curies":[{"name":"wp","href":"https:\/\/api.w.org\/{rel}","templated":true}]}}