{"id":1442,"date":"2022-06-08T06:39:45","date_gmt":"2022-06-08T06:39:45","guid":{"rendered":"https:\/\/endorseme4seas.com\/?page_id=1442"},"modified":"2023-10-05T12:32:12","modified_gmt":"2023-10-05T12:32:12","slug":"about-the-project","status":"publish","type":"page","link":"https:\/\/endorseme4seas.com\/sl\/about-the-project\/","title":{"rendered":"O projektu"},"content":{"rendered":"<p>Mednarodna pomorska organizacija (IMO) je leta 1978 razvila prvi standard za programe poklicnega izobra\u017eevanja in usposabljanja (VET) za \u010dastnike trgovske mornarice. Pomor\u0161\u010dake usposabljajo in izdajajo spri\u010devala nacionalne uprave, ki izpolnjujejo minimalne standarde, ki jih dolo\u010da Mednarodna konvencija o standardih usposabljanja, izdajanju spri\u010deval in stra\u017eah za pomor\u0161\u010dake (STCW). Kljub tem prizadevanjem ni mehanizmov za spremljanje, kako se ti standardi uporabljajo v razli\u010dnih dr\u017eavah, zaradi tega obstaja te\u017eava pri certificiranju potrdil pomor\u0161\u010dakov,  ko posku\u0161ajo delati za drugo dr\u017eavo. Evropska agencija za pomorsko varnost (EMSA) je za\u010dela spremljati skladnost izobra\u017eevanja s STCW, da bi prispevala k varnej\u0161im operacijam, vendar \u0161e vedno obstaja te\u017eava, da en pomor\u0161\u010dak, ki ima potrdilo iz dolo\u010dene dr\u017eave,  ne more delati pod zastavo druge dr\u017eave, saj \u0161e vedno obstaja veliko dr\u017eav, ki nimajo vzpostavljenega medsebojnega priznavanja ali certificiranja. V preteklosti je bilo ve\u010d poskusov poenotenja certifikatov, vendar te\u017eave niso v celoti re\u0161ili.<\/p>\n<p>Projekt ENDORSEME je namenjen razvoju in zagotavljanju produktov in storitev poklicnega izobra\u017eevanja in usposabljanja, kot je razvoj znanja, spretnosti in kompetenc zunanjim akterjem, kot so \u0161tudenti, podjetja in vlade. Razvili smo pro\u017ene programe poklicnega izobra\u017eevanja in usposabljanja, osredoto\u010dene na u\u010dence, ter prispevali k odpravi obstoje\u010dih vrzeli pri dostopu do usposabljanja za delovno sposobne odrasle za uspe\u0161no obvladovanje prehodov na trgu dela. Prispevali smo tudi k razvoju programov nadaljnjega poklicnega usposabljanja, oblikovanih tako, da so ti prilagodljivi trgu dela, ter programov, ki olaj\u0161ajo prenos, priznavanje in kopi\u010denje u\u010dnih rezultatov, ki vodijo do nacionalnih kvalifikacij. Projekt ENDORSEME olaj\u0161uje priznavanje certifikatov usposobljenosti pomor\u0161\u010dakov, vklju\u010dno z ratingi, po vsej Evropi in po svetu. Integrirani model, ki ga uporablja projekt ENDORSEME, zdru\u017euje vse pomorske kvalifikacije, kot so potrdilo o usposobljenosti, pomo\u017ena potrdila STCW in posku\u0161a omogo\u010diti, da bodo vsa potrdila medsebojno sprejeta najprej v evropskih dr\u017eavah in pozneje v svetovnem merilu. Model omogo\u010da tudi ve\u010djo kohezijo med mednarodnimi in lokalnimi zahtevami v pomorskih izobra\u017eevalnih institucijah v dr\u017eavah \u010dlanicah, kar zagotavlja kakovostnej\u0161i in privla\u010dnej\u0161i dolgoro\u010dni program poklicnega izobra\u017eevanja in usposabljanja.<\/p>\n<p>V projektu je bila razvita platforma za razli\u010dne nivoje pomor\u0161\u010dakov. Platforma omogo\u010da preiskovanje priznavanje\/potrditve certifikatov o usposobljenosti pomor\u0161\u010dakov. Cilj projekta ENDORSEME je:<\/p>\n<p>Ugotoviti te\u017eave, povezane s priznavanjem\/potrjevanjem certifikatov usposobljenosti pomor\u0161\u010dakov na podlagi vpra\u0161alnika in na podlagi preiskave novih podro\u010dij,<\/p>\n<p>Razviti platformo in dopolnilno spletno orodje za pomor\u0161\u010dake, ladjarske dru\u017ebe in pomorske izobra\u017eevalne institucije, da bi ugotovili, ali ena dr\u017eava sprejme\/potrjuje certifikate o usposobljenosti pomor\u0161\u010dakov druge dr\u017eave.<\/p>\n<p>Platforma ENDORSEME omogo\u010da primerjavo certifikatov o usposobljenosti pomor\u0161\u010dakov, ki so na voljo v pomorskem poklicu, da bi zagotovili sistem vi\u0161je kakovosti, ki je primeren za vsako posamezno dr\u017eavo \u010dlanico. Omogo\u010da tudi osnovo za posodobitev programov pomorskih izobra\u017eevalnih institucij s spremembami zahtev na lokalni in mednarodni ravni. Sistem zagotavljanja kakovosti platforme ENDORSEME ja primer dobre prakse in ga je mogo\u010de prenesti v druge dr\u017eave \u010dlanice in pri tem ohraniti visoko kakovost izobra\u017eevanja, usposabljanja in ocenjevanja.<\/p>\n<p>ENDORSEME pomorskim upravam omogo\u010da spremljanje uspe\u0161nosti razli\u010dnih sistemov in zahtev skupaj z razvojem sistema zagotavljanja kakovosti in nadzora za izdajo takih certifikatov. Omogo\u010da prenos \u00bbdobrih praks\u00ab med dr\u017eavami \u010dlanicami in po svetu ob zagotavljanju visokokakovostnih programov. Platforma, ki zdru\u017euje vse svetovne avtoritete, omogo\u010da prenos inovacij in tako zagotavlja, da je ENDORSEME model visokega standarda. ENDORSEME podpira stalni osebni razvoj pomor\u0161\u010dakov v poklicnem izobra\u017eevanju in usposabljanju (VET) za vse pomor\u0161\u010dake v pomorskem sektorju po vsej Evropi. ENDORSEME se navzkri\u017eno sklicuje na zahteve STCW, s \u010dimer pomor\u0161\u010dakom omogo\u010da ve\u010djo mobilnost v kateri koli evropski dr\u017eavi in \u200b\u200bs tem spodbuja program mobilnosti. ENDORSEME vklju\u010duje tudi lokalne in nacionalne zahteve vsake dr\u017eave, s \u010dimer spodbuja pregledno delovanje in priznavanje spretnosti in kvalifikacij med sosednjimi in mednarodnimi dr\u017eavami. Partnerstvo, ki sodeluje z glavnimi organi za podeljevanje, akreditacijo in licenciranje, se navzkri\u017eno sklicuje in vklju\u010duje mednarodne in lokalne\/nacionalne zahteve s ciljem, da se orodje za priznavanje najprej vklju\u010di v 5 partnerskih sistemov pomorskega izobra\u017eevanja in usposabljanja (MET) v Evropi. Orodje ENDORSEME olaj\u0161uje potrjevanje vseh certifikatov, prejetih iz ene dr\u017eave v drugo, v partnerskih dr\u017eavah in Evropi. Vzpostavljena je tudi praksa zagotavljanja kakovosti in nadzora, ki temelji na dobro spo\u0161tovanem sistemu za zagotavljanje ENDORSEME, da se zagotovi, da nacionalni organi \u0161e naprej upo\u0161tevajte zahteve.<\/p>","protected":false},"excerpt":{"rendered":"<p>The International Maritime Organisation (IMO) developed the first standard for Vocational Education and Training (VET) programmes for merchant navy officers in 1978. Seafarers are trained and certified by national administrations &#8230;<\/p>","protected":false},"author":2,"featured_media":0,"parent":0,"menu_order":0,"comment_status":"closed","ping_status":"closed","template":"template-fullwidth.php","meta":{"footnotes":""},"class_list":["post-1442","page","type-page","status-publish","hentry"],"jetpack-related-posts":[],"jetpack_sharing_enabled":true,"_links":{"self":[{"href":"https:\/\/endorseme4seas.com\/sl\/wp-json\/wp\/v2\/pages\/1442","targetHints":{"allow":["GET"]}}],"collection":[{"href":"https:\/\/endorseme4seas.com\/sl\/wp-json\/wp\/v2\/pages"}],"about":[{"href":"https:\/\/endorseme4seas.com\/sl\/wp-json\/wp\/v2\/types\/page"}],"author":[{"embeddable":true,"href":"https:\/\/endorseme4seas.com\/sl\/wp-json\/wp\/v2\/users\/2"}],"replies":[{"embeddable":true,"href":"https:\/\/endorseme4seas.com\/sl\/wp-json\/wp\/v2\/comments?post=1442"}],"version-history":[{"count":4,"href":"https:\/\/endorseme4seas.com\/sl\/wp-json\/wp\/v2\/pages\/1442\/revisions"}],"predecessor-version":[{"id":1836,"href":"https:\/\/endorseme4seas.com\/sl\/wp-json\/wp\/v2\/pages\/1442\/revisions\/1836"}],"wp:attachment":[{"href":"https:\/\/endorseme4seas.com\/sl\/wp-json\/wp\/v2\/media?parent=1442"}],"curies":[{"name":"wp","href":"https:\/\/api.w.org\/{rel}","templated":true}]}}