{"id":1487,"date":"2022-06-08T08:27:09","date_gmt":"2022-06-08T08:27:09","guid":{"rendered":"https:\/\/endorseme4seas.com\/?page_id=1487"},"modified":"2023-10-05T12:37:07","modified_gmt":"2023-10-05T12:37:07","slug":"about-the-project-short","status":"publish","type":"page","link":"https:\/\/endorseme4seas.com\/sl\/about-the-project-short\/","title":{"rendered":"About the project &#8211; short"},"content":{"rendered":"<p>V projektu je bila razvita platforma za razli\u010dne nivoje pomor\u0161\u010dakov. Platforma omogo\u010da preiskovanje priznavanje\/potrditve certifikatov o usposobljenosti pomor\u0161\u010dakov. Cilj projekta ENDORSEME je bil:<\/p>\n<ul>\n<li>Ugotoviti te\u017eave, povezane s priznavanjem\/potrjevanjem certifikatov usposobljenosti pomor\u0161\u010dakov na podlagi vpra\u0161alnika in na podlagi preiskave novih podro\u010dij,<\/li>\n<li>Razviti platformo in dopolnilno spletno orodje za pomor\u0161\u010dake, ladjarske dru\u017ebe in pomorske izobra\u017eevalne institucije, da bi ugotovili, ali ena dr\u017eava sprejme\/potrjuje certifikate o usposobljenosti pomor\u0161\u010dakov druge dr\u017eave.<\/li>\n<\/ul>\n<p>Platforma ENDORSEME omogo\u010da primerjavo certifikatov o usposobljenosti pomor\u0161\u010dakov, ki so na voljo v pomorskem poklicu, da bi zagotovili sistem vi\u0161je kakovosti, ki je primeren za vsako posamezno dr\u017eavo \u010dlanico. Omogo\u010da tudi osnovo za posodobitev programov pomorskih izobra\u017eevalnih institucij s spremembami zahtev na lokalni in mednarodni ravni. Sistem zagotavljanja kakovosti platforme ENDORSEME ja primer dobre prakse in ga je mogo\u010de prenesti v druge dr\u017eave \u010dlanice in pri tem ohraniti visoko kakovost izobra\u017eevanja, usposabljanja in ocenjevanja.<\/p>","protected":false},"excerpt":{"rendered":"<p>The project develops a platform for various ranks of seafarers. The platform has an option to investigate acceptance\/endorsement of sea-going certificates. ENDORSEME project aims to: Identifies the problems associated with &#8230;<\/p>","protected":false},"author":2,"featured_media":0,"parent":0,"menu_order":0,"comment_status":"closed","ping_status":"closed","template":"","meta":{"footnotes":""},"class_list":["post-1487","page","type-page","status-publish","hentry"],"jetpack-related-posts":[],"jetpack_sharing_enabled":true,"_links":{"self":[{"href":"https:\/\/endorseme4seas.com\/sl\/wp-json\/wp\/v2\/pages\/1487","targetHints":{"allow":["GET"]}}],"collection":[{"href":"https:\/\/endorseme4seas.com\/sl\/wp-json\/wp\/v2\/pages"}],"about":[{"href":"https:\/\/endorseme4seas.com\/sl\/wp-json\/wp\/v2\/types\/page"}],"author":[{"embeddable":true,"href":"https:\/\/endorseme4seas.com\/sl\/wp-json\/wp\/v2\/users\/2"}],"replies":[{"embeddable":true,"href":"https:\/\/endorseme4seas.com\/sl\/wp-json\/wp\/v2\/comments?post=1487"}],"version-history":[{"count":4,"href":"https:\/\/endorseme4seas.com\/sl\/wp-json\/wp\/v2\/pages\/1487\/revisions"}],"predecessor-version":[{"id":1838,"href":"https:\/\/endorseme4seas.com\/sl\/wp-json\/wp\/v2\/pages\/1487\/revisions\/1838"}],"wp:attachment":[{"href":"https:\/\/endorseme4seas.com\/sl\/wp-json\/wp\/v2\/media?parent=1487"}],"curies":[{"name":"wp","href":"https:\/\/api.w.org\/{rel}","templated":true}]}}