{"id":1782,"date":"2023-06-06T07:59:41","date_gmt":"2023-06-06T07:59:41","guid":{"rendered":"https:\/\/endorseme4seas.com\/?page_id=1782"},"modified":"2023-10-05T12:47:22","modified_gmt":"2023-10-05T12:47:22","slug":"online-area","status":"publish","type":"page","link":"https:\/\/endorseme4seas.com\/sl\/online-area\/","title":{"rendered":"Spletno podro\u010dje"},"content":{"rendered":"<p>Spletno podro\u010dje ponuja prilo\u017enost vsem zainteresiranim stranem, ki jih zanima pomorska industrija, da najdejo informacije o usposabljanju in izdajanju certifikatov o usposobljenosti pomor\u0161\u010dakov ter o postopkih priznavanja certifikatov.<\/p>\n\n\n\n<p>V spletnem podro\u010dju je na voljo zbirka podatkov orodja EndorseMe. Za dostop do njega se najprej registrirajte z e-po\u0161tnim naslovom svoje organizacije, da za\u010dnete postopek odobritve s strani ekipe EndorseMe. Po registraciji vas bomo kontaktirali po elektronski po\u0161ti.<\/p>\n\n\n\n<p><a href=\"https:\/\/endorseme4seas.com\/sl\/endorseme-tool-data\/\">Dostop do baze EndorseMe<\/a><\/p>","protected":false},"excerpt":{"rendered":"<p>The Online Area provides the opportunity to all stakeholders interested in maritime industry, to find information about training and certification of the seafarers and certificate recognition processes. In the Online &#8230;<\/p>","protected":false},"author":2,"featured_media":0,"parent":0,"menu_order":0,"comment_status":"closed","ping_status":"closed","template":"template-fullwidth.php","meta":{"footnotes":""},"class_list":["post-1782","page","type-page","status-publish","hentry"],"jetpack-related-posts":[],"jetpack_sharing_enabled":true,"_links":{"self":[{"href":"https:\/\/endorseme4seas.com\/sl\/wp-json\/wp\/v2\/pages\/1782","targetHints":{"allow":["GET"]}}],"collection":[{"href":"https:\/\/endorseme4seas.com\/sl\/wp-json\/wp\/v2\/pages"}],"about":[{"href":"https:\/\/endorseme4seas.com\/sl\/wp-json\/wp\/v2\/types\/page"}],"author":[{"embeddable":true,"href":"https:\/\/endorseme4seas.com\/sl\/wp-json\/wp\/v2\/users\/2"}],"replies":[{"embeddable":true,"href":"https:\/\/endorseme4seas.com\/sl\/wp-json\/wp\/v2\/comments?post=1782"}],"version-history":[{"count":6,"href":"https:\/\/endorseme4seas.com\/sl\/wp-json\/wp\/v2\/pages\/1782\/revisions"}],"predecessor-version":[{"id":1870,"href":"https:\/\/endorseme4seas.com\/sl\/wp-json\/wp\/v2\/pages\/1782\/revisions\/1870"}],"wp:attachment":[{"href":"https:\/\/endorseme4seas.com\/sl\/wp-json\/wp\/v2\/media?parent=1782"}],"curies":[{"name":"wp","href":"https:\/\/api.w.org\/{rel}","templated":true}]}}