{"id":1800,"date":"2023-08-25T08:19:15","date_gmt":"2023-08-25T08:19:15","guid":{"rendered":"https:\/\/endorseme4seas.com\/?page_id=1800"},"modified":"2023-11-20T12:36:31","modified_gmt":"2023-11-20T12:36:31","slug":"conference","status":"publish","type":"page","link":"https:\/\/endorseme4seas.com\/sl\/conference\/","title":{"rendered":"konferenca ENDORSEME"},"content":{"rendered":"<figure class=\"wp-block-image size-full\"><img loading=\"lazy\" decoding=\"async\" width=\"120\" height=\"120\" src=\"https:\/\/endorseme4seas.com\/wp-content\/uploads\/2022\/06\/Endorseme4seas-Logo-e1654767529225.png\" alt=\"endorseme\" class=\"wp-image-1510\" srcset=\"https:\/\/endorseme4seas.com\/wp-content\/uploads\/2022\/06\/Endorseme4seas-Logo-e1654767529225.png 120w, https:\/\/endorseme4seas.com\/wp-content\/uploads\/2022\/06\/Endorseme4seas-Logo-e1654767529225-65x65.png 65w\" sizes=\"auto, (max-width: 120px) 100vw, 120px\" \/><\/figure>\n\n\n\n<h1 class=\"wp-block-heading\">7 September, 2023 <strong>Varna, Bolgarija<\/strong><\/h1>\n\n\n\n<h3 class=\"wp-block-heading\">Naval Academy \u201cN. Vaptsarov\u201d, ul. \u201cVasil Drumev\u201d 73, 9002 Center, Varna, Bolgarija<\/h3>\n\n\n\n<p>EU konferenca <strong>Omogo\u010danje vzajemnega priznavanja certifikatov pomor\u0161\u010dakov<\/strong> , ki jo gosti partnerstvo ENDORSEME. Partnerstvo je vklju\u010deno v projekt ENDORSEME, ki ga financira EU (<a rel=\"noreferrer noopener\" href=\"https:\/\/www.seasafer.com\/\" target=\"_blank\">endorseme4seas.com<\/a>) in bo predstavilo platformo, namenjeno izobra\u017eevanju pomor\u0161\u010dakov po celotni Evropi. <strong>Omogo\u010danje vzajemnega priznavanja certifikatov pomor\u0161\u010dakov<\/strong> ima kon\u010dni cilj izbolj\u0161anje ravni varnosti na morju po vsem svetu. Konferenca je prilo\u017enost za iskanje partnerjev za projekt ENDORSEME in povezane EU projekte in predloge.<\/p>\n\n\n\n<p><strong><em><strong><mark style=\"background-color:rgba(0, 0, 0, 0)\" class=\"has-inline-color has-black-color\">All of the presentations used in ENDORSEME Conference can be downloaded here:<\/mark><\/strong> <strong><mark style=\"background-color:rgba(0, 0, 0, 0)\" class=\"has-inline-color has-black-color\"><a href=\"https:\/\/endorseme4seas.com\/sl\/conference-presentations\/\">Presentations ENDORSEME Conference<\/a><\/mark><\/strong><\/em><\/strong><\/p>\n\n\n\n<p>Za ve\u010d informacij kontaktirajte:<\/p>\n\n\n\n<p><strong>Desislava\u00a0Zografova<\/strong><\/p>\n\n\n\n<p>tajnica konference, EU konferenca o ENDORSEME<\/p>\n\n\n\n<p><strong>Naval Academy &#8220;N. Vaptsarov<\/strong>&#8220;<\/p>\n\n\n\n<p>Tel: +370 699 112 45<\/p>\n\n\n\n<p>E-po\u0161ta:&nbsp;<a href=\"mailto:erasmus@nvna.eu\">erasmus@nvna.eu<\/a><\/p>\n\n\n\n<h2 class=\"wp-block-heading\"><strong>Prenos programa konference:<\/strong><\/h2>\n\n\n\n<div class=\"wp-block-file\"><a id=\"wp-block-file--media-d990368a-9ad4-49c3-b07a-9b1a70541424\" href=\"https:\/\/endorseme4seas.com\/wp-content\/uploads\/2023\/09\/ENDORSEME-Conference-Agenda.pdf\" target=\"_blank\" rel=\"noreferrer noopener\">ENDORSEME-program-konference<\/a><a href=\"https:\/\/endorseme4seas.com\/wp-content\/uploads\/2023\/09\/ENDORSEME-Conference-Agenda.pdf\" class=\"wp-block-file__button wp-element-button\" download aria-describedby=\"wp-block-file--media-d990368a-9ad4-49c3-b07a-9b1a70541424\">Prenos<\/a><\/div>","protected":false},"excerpt":{"rendered":"<p>7 September, 2023 in Varna, Bulgaria Naval Academy &#8220;N. Vaptsarov&#8221;, ul. &#8220;Vasil Drumev&#8221; 73, 9002 Center, Varna, Bulgaria The European Conference on Enabling Seafarers to Mutual Endorsement is being hosted &#8230;<\/p>","protected":false},"author":1,"featured_media":0,"parent":0,"menu_order":0,"comment_status":"closed","ping_status":"closed","template":"template-fullwidth.php","meta":{"footnotes":""},"class_list":["post-1800","page","type-page","status-publish","hentry"],"jetpack-related-posts":[],"jetpack_sharing_enabled":true,"_links":{"self":[{"href":"https:\/\/endorseme4seas.com\/sl\/wp-json\/wp\/v2\/pages\/1800","targetHints":{"allow":["GET"]}}],"collection":[{"href":"https:\/\/endorseme4seas.com\/sl\/wp-json\/wp\/v2\/pages"}],"about":[{"href":"https:\/\/endorseme4seas.com\/sl\/wp-json\/wp\/v2\/types\/page"}],"author":[{"embeddable":true,"href":"https:\/\/endorseme4seas.com\/sl\/wp-json\/wp\/v2\/users\/1"}],"replies":[{"embeddable":true,"href":"https:\/\/endorseme4seas.com\/sl\/wp-json\/wp\/v2\/comments?post=1800"}],"version-history":[{"count":10,"href":"https:\/\/endorseme4seas.com\/sl\/wp-json\/wp\/v2\/pages\/1800\/revisions"}],"predecessor-version":[{"id":1890,"href":"https:\/\/endorseme4seas.com\/sl\/wp-json\/wp\/v2\/pages\/1800\/revisions\/1890"}],"wp:attachment":[{"href":"https:\/\/endorseme4seas.com\/sl\/wp-json\/wp\/v2\/media?parent=1800"}],"curies":[{"name":"wp","href":"https:\/\/api.w.org\/{rel}","templated":true}]}}