{"id":1442,"date":"2022-06-08T06:39:45","date_gmt":"2022-06-08T06:39:45","guid":{"rendered":"https:\/\/endorseme4seas.com\/?page_id=1442"},"modified":"2023-10-05T12:32:12","modified_gmt":"2023-10-05T12:32:12","slug":"about-the-project","status":"publish","type":"page","link":"https:\/\/endorseme4seas.com\/tr\/about-the-project\/","title":{"rendered":"Proje Hakk\u0131nda"},"content":{"rendered":"<p>Uluslararas\u0131 Denizcilik \u00d6rg\u00fct\u00fc (IMO), 1978 y\u0131l\u0131nda ticari deniz kuvvetleri subaylar\u0131na y\u00f6nelik Mesleki E\u011fitim ve \u00d6\u011fretim (VET) programlar\u0131na ili\u015fkin ilk standard\u0131 geli\u015ftirdi. Denizciler, Uluslararas\u0131 E\u011fitim, Sertifikasyon Standartlar\u0131 S\u00f6zle\u015fmesi taraf\u0131ndan belirlenen asgari standartlara uygun olarak ulusal idareler taraf\u0131ndan e\u011fitilmekte ve sertifikaland\u0131r\u0131lmaktad\u0131r. ve Denizciler i\u00e7in Vardiya Tutma (STCW). Bu \u00e7abalara ra\u011fmen, bu standartlar\u0131n \u00e7e\u015fitli \u00fclkelerde nas\u0131l uyguland\u0131\u011f\u0131n\u0131 izlemeye y\u00f6nelik herhangi bir mekanizma bulunmuyor ve yine de denizcilerin bir bayrak devletinden di\u011ferine \u00e7al\u0131\u015fmaya \u00e7al\u0131\u015f\u0131rken sertifikalar\u0131n\u0131n kabul edilmesi\/onaylanmas\u0131 konusunda bir sorun var. Avrupa Deniz G\u00fcvenli\u011fi Ajans\u0131 (EMSA), daha g\u00fcvenli operasyonlara katk\u0131da bulunmak i\u00e7in STCW uyumlulu\u011funu izlemeye ba\u015flad\u0131. Bununla birlikte, bir \u00fclkenin bayra\u011f\u0131ndan sertifika alan denizcilerin ba\u015fka bir \u00fclkenin bayra\u011f\u0131nda \u00e7al\u0131\u015famayacaklar\u0131 mevcut oldu\u011fundan, bu sorun devam etmektedir; zira bunlar\u0131n kar\u015f\u0131l\u0131kl\u0131 olarak tan\u0131nmad\u0131\u011f\u0131 veya onaylanmad\u0131\u011f\u0131 bir\u00e7ok \u00fclke bulunmaktad\u0131r. Ge\u00e7mi\u015fte sertifikalar\u0131 ve onaylar\u0131 birle\u015ftirmek i\u00e7in \u00e7e\u015fitli giri\u015fimlerde bulunuldu ancak bu, sorunu tam olarak \u00e7\u00f6zmedi.<\/p>\n<p>ENDORSEME projesi, \u00f6\u011frenciler, \u015firketler ve h\u00fck\u00fcmetler gibi d\u0131\u015f payda\u015flara bilgi, beceri ve yetkinlik geli\u015fimi dahil olmak \u00fczere VET \u00fcr\u00fcn ve hizmetlerinin geli\u015ftirilmesini ve sunulmas\u0131n\u0131 ama\u00e7lamaktad\u0131r. Esnek ve \u00f6\u011frenci merkezli Mesleki E\u011fitim ve \u00d6\u011fretim programlar\u0131 geli\u015ftirir ve bu programlar, i\u015fg\u00fcc\u00fc piyasas\u0131 ge\u00e7i\u015flerini ba\u015far\u0131l\u0131 bir \u015fekilde y\u00f6netmek i\u00e7in \u00e7al\u0131\u015fma \u00e7a\u011f\u0131ndaki yeti\u015fkinlerin e\u011fitime eri\u015fimindeki mevcut bo\u015fluklar\u0131n kapat\u0131lmas\u0131na katk\u0131da bulunur. Ayr\u0131ca proje, i\u015fg\u00fcc\u00fc piyasas\u0131na uyarlanabilir \u015fekilde tasarlanm\u0131\u015f s\u00fcrekli mesleki e\u011fitim programlar\u0131n\u0131n yan\u0131 s\u0131ra ulusal yeterliliklere yol a\u00e7an \u00f6\u011frenme \u00e7\u0131kt\u0131lar\u0131n\u0131n aktar\u0131lmas\u0131n\u0131, tan\u0131nmas\u0131n\u0131 ve biriktirilmesini kolayla\u015ft\u0131ran programlar\u0131n geli\u015ftirilmesine de katk\u0131da bulunmaktad\u0131r. ENDORSEME projesi sonu\u00e7ta denizcilerin sertifikalar\u0131n\u0131n, derecelendirmeler de dahil olmak \u00fczere, Avrupa genelinde ve d\u00fcnya \u00e7ap\u0131nda tan\u0131nmas\u0131n\u0131 kolayla\u015ft\u0131r\u0131yor. ENDORSEME projesinin olu\u015fturdu\u011fu entegre model, Yeterlilik Belgesi, yard\u0131mc\u0131 STCW sertifikalar\u0131 gibi denizcilik niteliklerinin tamam\u0131n\u0131 bir araya getirerek, her bir sertifikan\u0131n \u00f6nce Avrupa \u00fclkeleri taraf\u0131ndan, daha sonra k\u00fcresel \u00f6l\u00e7ekte kar\u015f\u0131l\u0131kl\u0131 olarak reaktif bir \u015fekilde kabul edilmesini sa\u011flamay\u0131 ama\u00e7lamaktad\u0131r. Model ayn\u0131 zamanda \u00fcye \u00fclkelerdeki MET'teki uluslararas\u0131 ve yerel gereklilikler aras\u0131nda daha fazla uyum sa\u011flanmas\u0131na olanak tan\u0131yarak daha kaliteli ve daha \u00e7ekici bir uzun vadeli Mesleki E\u011fitim ve \u00d6\u011fretim program\u0131 sa\u011flayacakt\u0131r.<\/p>\n<p>Platform, a\u00e7\u0131k denizde seyr\u00fcsefer sertifikalar\u0131n\u0131n kabul\u00fcn\u00fc\/onaylanmas\u0131n\u0131 ara\u015ft\u0131rma se\u00e7ene\u011fi sunarak \u00e7e\u015fitli d\u00fczeylerdeki denizcilere yard\u0131mc\u0131 oluyor. ENDORSEME projesi \u015funlar\u0131 ama\u00e7lamaktad\u0131r:<\/p>\n<p>\u2013 Sertifikalar\u0131n tan\u0131nmas\u0131\/onaylanmas\u0131yla ilgili sorunlar\u0131, anket bazl\u0131 ihtiya\u00e7 analizi ve ke\u015ffedilmemi\u015f alanlar\u0131n ara\u015ft\u0131r\u0131lmas\u0131na dayal\u0131 bilgilerle tespit etmek,<\/p>\n<p>\u2013 Denizcilerin sertifikalar\u0131n\u0131n bir \u00fclke taraf\u0131ndan di\u011ferine kabul edilip edilmedi\u011fini\/onaylan\u0131p onaylanmad\u0131\u011f\u0131n\u0131 belirlemek i\u00e7in denizciler, gemicilik \u015firketleri ve MET kurumu i\u00e7in bir platform ve tamamlay\u0131c\u0131 bir \u00e7evrimi\u00e7i ara\u00e7 geli\u015ftirmek.<\/p>\n<p>ENDORSEME platformu, her bir \u00fcye \u00fclkeye uygun, daha kaliteli bir sistem sa\u011flamak i\u00e7in denizcilik mesle\u011fine y\u00f6nelik mevcut sertifikalara \u00e7apraz referans vermektedir. Ayn\u0131 zamanda MET programlar\u0131n\u0131n, program\u0131n di\u011fer temel alanlar\u0131nda minimum d\u00fczeyde kesinti ile yerel ve uluslararas\u0131 gereksinimlerde yap\u0131lan de\u011fi\u015fikliklere g\u00f6re g\u00fcncel tutulmas\u0131n\u0131 sa\u011flar. ENDORSEME platformunun kalite g\u00fcvence sistemi, iyi uygulamalar\u0131n g\u00f6r\u00fclmesini ve di\u011fer \u00fcye \u00fclkelere aktar\u0131lmas\u0131n\u0131 sa\u011flaman\u0131n yan\u0131 s\u0131ra e\u011fitim, \u00f6\u011fretim ve de\u011ferlendirmenin y\u00fcksek kalitede olmas\u0131n\u0131 sa\u011flayacakt\u0131r.<\/p>\n<p>ENDORSEME, bu t\u00fcr sertifikalar\u0131n verilmesine y\u00f6nelik bir kalite g\u00fcvence ve kontrol sistemi geli\u015ftirerek yetkililerin farkl\u0131 sistem ve gereksinimlerin ba\u015far\u0131s\u0131n\u0131 izlemesine olanak tan\u0131r. Y\u00fcksek kaliteli programlar sa\u011flarken, \u00fcye \u00fclkeler aras\u0131nda ve d\u00fcnya \u00e7ap\u0131nda 'iyi uygulamalar\u0131n' transferini kolayla\u015ft\u0131r\u0131r. T\u00fcm d\u00fcnya otoritelerini bir araya getiren platform, ENDORSEME'nin y\u00fcksek tan\u0131n\u0131rl\u0131k standard\u0131n\u0131 korumas\u0131n\u0131 sa\u011flamak i\u00e7in inovasyon transferini m\u00fcmk\u00fcn k\u0131l\u0131yor. ENDORSEME, Avrupa \u00e7ap\u0131nda denizcilik sekt\u00f6r\u00fcndeki t\u00fcm denizciler i\u00e7in VET (Mesleki E\u011fitim ve \u00d6\u011fretim) konusunda denizcilerin s\u00fcrekli ki\u015fisel geli\u015fimini desteklemektedir. ENDORSEME, STCW gerekliliklerine \u00e7apraz referans vererek denizcilerin herhangi bir Avrupa \u00fclkesinde daha hareketli olmalar\u0131na olanak tan\u0131yor ve b\u00f6ylece Vatanda\u015fl\u0131k program\u0131n\u0131 te\u015fvik ediyor. ENDORSEME ayr\u0131ca her \u00fclkenin yerel ve ulusal gerekliliklerini de b\u00fcnyesinde bar\u0131nd\u0131rarak kom\u015fu ve uluslararas\u0131 \u00fclkeler aras\u0131nda \u015eeffafl\u0131k ve beceri ve niteliklerin tan\u0131nmas\u0131 y\u00f6n\u00fcndeki eylemleri te\u015fvik etmektedir. \u00d6nde gelen \u00f6d\u00fcllendirme, akreditasyon ve lisanslama kurulu\u015flar\u0131yla i\u015fbirli\u011fi i\u00e7inde \u00e7al\u0131\u015fan ortakl\u0131k, tan\u0131ma arac\u0131n\u0131 ba\u015flang\u0131\u00e7ta Avrupa genelindeki 5 ortak denizcilik e\u011fitim ve \u00f6\u011fretim (MET) sistemine yerle\u015ftirmek amac\u0131yla uluslararas\u0131 ve yerel\/ulusal gereklilikleri \u00e7apraz referanslar ile dahil ediyor. ENDORSEME arac\u0131 geli\u015ftirildi\u011finde ortak \u00fclkeler ve Avrupa'da bir \u00fclkeden di\u011ferine al\u0131nan t\u00fcm sertifikalar\u0131n onaylanmas\u0131n\u0131 kolayla\u015ft\u0131racakt\u0131r. ENDORSEME'nin teslimat\u0131 i\u00e7in sayg\u0131n bir sisteme dayal\u0131 bir kalite g\u00fcvence ve kontrol uygulamas\u0131 da, Ulusal Otoritelerin gereklilikleri takip etmeye devam etmesini garanti etmek i\u00e7in olu\u015fturulacakt\u0131r.<\/p>","protected":false},"excerpt":{"rendered":"<p>The International Maritime Organisation (IMO) developed the first standard for Vocational Education and Training (VET) programmes for merchant navy officers in 1978. Seafarers are trained and certified by national administrations &#8230;<\/p>","protected":false},"author":2,"featured_media":0,"parent":0,"menu_order":0,"comment_status":"closed","ping_status":"closed","template":"template-fullwidth.php","meta":{"footnotes":""},"class_list":["post-1442","page","type-page","status-publish","hentry"],"jetpack-related-posts":[],"jetpack_sharing_enabled":true,"_links":{"self":[{"href":"https:\/\/endorseme4seas.com\/tr\/wp-json\/wp\/v2\/pages\/1442","targetHints":{"allow":["GET"]}}],"collection":[{"href":"https:\/\/endorseme4seas.com\/tr\/wp-json\/wp\/v2\/pages"}],"about":[{"href":"https:\/\/endorseme4seas.com\/tr\/wp-json\/wp\/v2\/types\/page"}],"author":[{"embeddable":true,"href":"https:\/\/endorseme4seas.com\/tr\/wp-json\/wp\/v2\/users\/2"}],"replies":[{"embeddable":true,"href":"https:\/\/endorseme4seas.com\/tr\/wp-json\/wp\/v2\/comments?post=1442"}],"version-history":[{"count":4,"href":"https:\/\/endorseme4seas.com\/tr\/wp-json\/wp\/v2\/pages\/1442\/revisions"}],"predecessor-version":[{"id":1836,"href":"https:\/\/endorseme4seas.com\/tr\/wp-json\/wp\/v2\/pages\/1442\/revisions\/1836"}],"wp:attachment":[{"href":"https:\/\/endorseme4seas.com\/tr\/wp-json\/wp\/v2\/media?parent=1442"}],"curies":[{"name":"wp","href":"https:\/\/api.w.org\/{rel}","templated":true}]}}