{"id":1455,"date":"2022-06-08T07:01:50","date_gmt":"2022-06-08T07:01:50","guid":{"rendered":"https:\/\/endorseme4seas.com\/?page_id=1455"},"modified":"2024-02-14T09:31:35","modified_gmt":"2024-02-14T09:31:35","slug":"seafarers-questionnaire","status":"publish","type":"page","link":"https:\/\/endorseme4seas.com\/tr\/seafarers-questionnaire\/","title":{"rendered":"DEN\u0130ZC\u0130LER \u0130\u00c7\u0130N ANKET"},"content":{"rendered":"<p>L\u00fctfen ankete kat\u0131l\u0131n<\/p>\n\n\n\n<p><a href=\"https:\/\/forms.gle\/VJCH4xG4pCvubbBP8\" target=\"_blank\" rel=\"noopener\">https:\/\/forms.gle\/VJCH4xG4pCvubbBP8<\/a><\/p>","protected":false},"excerpt":{"rendered":"<p>Please, enter and fill the questionnaire https:\/\/forms.gle\/VJCH4xG4pCvubbBP8<\/p>","protected":false},"author":2,"featured_media":0,"parent":0,"menu_order":0,"comment_status":"closed","ping_status":"closed","template":"template-fullwidth.php","meta":{"footnotes":""},"class_list":["post-1455","page","type-page","status-publish","hentry"],"jetpack-related-posts":[],"jetpack_sharing_enabled":true,"_links":{"self":[{"href":"https:\/\/endorseme4seas.com\/tr\/wp-json\/wp\/v2\/pages\/1455","targetHints":{"allow":["GET"]}}],"collection":[{"href":"https:\/\/endorseme4seas.com\/tr\/wp-json\/wp\/v2\/pages"}],"about":[{"href":"https:\/\/endorseme4seas.com\/tr\/wp-json\/wp\/v2\/types\/page"}],"author":[{"embeddable":true,"href":"https:\/\/endorseme4seas.com\/tr\/wp-json\/wp\/v2\/users\/2"}],"replies":[{"embeddable":true,"href":"https:\/\/endorseme4seas.com\/tr\/wp-json\/wp\/v2\/comments?post=1455"}],"version-history":[{"count":4,"href":"https:\/\/endorseme4seas.com\/tr\/wp-json\/wp\/v2\/pages\/1455\/revisions"}],"predecessor-version":[{"id":2000,"href":"https:\/\/endorseme4seas.com\/tr\/wp-json\/wp\/v2\/pages\/1455\/revisions\/2000"}],"wp:attachment":[{"href":"https:\/\/endorseme4seas.com\/tr\/wp-json\/wp\/v2\/media?parent=1455"}],"curies":[{"name":"wp","href":"https:\/\/api.w.org\/{rel}","templated":true}]}}