{"id":1458,"date":"2022-06-08T07:03:10","date_gmt":"2022-06-08T07:03:10","guid":{"rendered":"https:\/\/endorseme4seas.com\/?page_id=1458"},"modified":"2024-02-14T09:32:56","modified_gmt":"2024-02-14T09:32:56","slug":"administration-questionnaire","status":"publish","type":"page","link":"https:\/\/endorseme4seas.com\/tr\/administration-questionnaire\/","title":{"rendered":"\u0130DARELER \u0130\u00c7\u0130N ANKET"},"content":{"rendered":"<p>L\u00fctfen ankete kat\u0131l\u0131n<\/p>\n<p><a href=\"https:\/\/forms.gle\/dQUsodvWWAiUKmCf6\">https:\/\/forms.gle\/dQUsodvWWAiUKmCf6<\/a><\/p>","protected":false},"excerpt":{"rendered":"<p>Please, enter and fill the questionnaire https:\/\/forms.gle\/dQUsodvWWAiUKmCf6<\/p>","protected":false},"author":2,"featured_media":0,"parent":0,"menu_order":0,"comment_status":"closed","ping_status":"closed","template":"template-fullwidth.php","meta":{"footnotes":""},"class_list":["post-1458","page","type-page","status-publish","hentry"],"jetpack-related-posts":[],"jetpack_sharing_enabled":true,"_links":{"self":[{"href":"https:\/\/endorseme4seas.com\/tr\/wp-json\/wp\/v2\/pages\/1458","targetHints":{"allow":["GET"]}}],"collection":[{"href":"https:\/\/endorseme4seas.com\/tr\/wp-json\/wp\/v2\/pages"}],"about":[{"href":"https:\/\/endorseme4seas.com\/tr\/wp-json\/wp\/v2\/types\/page"}],"author":[{"embeddable":true,"href":"https:\/\/endorseme4seas.com\/tr\/wp-json\/wp\/v2\/users\/2"}],"replies":[{"embeddable":true,"href":"https:\/\/endorseme4seas.com\/tr\/wp-json\/wp\/v2\/comments?post=1458"}],"version-history":[{"count":5,"href":"https:\/\/endorseme4seas.com\/tr\/wp-json\/wp\/v2\/pages\/1458\/revisions"}],"predecessor-version":[{"id":2001,"href":"https:\/\/endorseme4seas.com\/tr\/wp-json\/wp\/v2\/pages\/1458\/revisions\/2001"}],"wp:attachment":[{"href":"https:\/\/endorseme4seas.com\/tr\/wp-json\/wp\/v2\/media?parent=1458"}],"curies":[{"name":"wp","href":"https:\/\/api.w.org\/{rel}","templated":true}]}}