{"id":1487,"date":"2022-06-08T08:27:09","date_gmt":"2022-06-08T08:27:09","guid":{"rendered":"https:\/\/endorseme4seas.com\/?page_id=1487"},"modified":"2023-10-05T12:37:07","modified_gmt":"2023-10-05T12:37:07","slug":"about-the-project-short","status":"publish","type":"page","link":"https:\/\/endorseme4seas.com\/tr\/about-the-project-short\/","title":{"rendered":"About the project &#8211; short"},"content":{"rendered":"<p>Proje, \u00e7e\u015fitli d\u00fczeylerdeki denizciler i\u00e7in bir platform geli\u015ftiriyor. Platformun, a\u00e7\u0131k deniz sertifikalar\u0131n\u0131n kabul\u00fcn\u00fc\/onaylanmas\u0131n\u0131 ara\u015ft\u0131rma se\u00e7ene\u011fi bulunmaktad\u0131r. ENDORSEME projesi \u015funlar\u0131 ama\u00e7lamaktad\u0131r:<\/p>\n<ul>\n<li>Sertifikalar\u0131n tan\u0131nmas\u0131\/onaylanmas\u0131yla ilgili sorunlar\u0131 ankete dayal\u0131 bir ihtiya\u00e7 analiziyle belirler ve ke\u015ffedilmemi\u015f alanlar\u0131n ara\u015ft\u0131r\u0131lmas\u0131na dayal\u0131 olarak bilgi toplar.<\/li>\n<li>Denizcilerin sertifikalar\u0131n\u0131n bir \u00fclke taraf\u0131ndan di\u011ferine kabul edilip edilmedi\u011fini\/onaylan\u0131p onaylanmad\u0131\u011f\u0131n\u0131 belirlemek i\u00e7in denizciler, denizcilik \u015firketleri ve MET kurumlar\u0131 i\u00e7in bir platform ve tamamlay\u0131c\u0131 \u00e7evrimi\u00e7i ara\u00e7 geli\u015ftirir.<\/li>\n<\/ul>\n<p>ENDORSEME platformu, her \u00fcye \u00fclkeye uygun, daha kaliteli bir sistem sa\u011flamak i\u00e7in denizcilik mesle\u011fine y\u00f6nelik mevcut sertifikalara \u00e7apraz referans vermektedir. Ayn\u0131 zamanda MET programlar\u0131n\u0131n, program\u0131n di\u011fer temel alanlar\u0131nda minimum kesinti ile yerel ve uluslararas\u0131 gereksinimlerdeki de\u011fi\u015fikliklere g\u00f6re g\u00fcncel kalmas\u0131n\u0131 sa\u011flar. ENDORSEME platformunun kalite g\u00fcvence sistemi, e\u011fitim, \u00f6\u011fretim ve de\u011ferlendirmenin y\u00fcksek kalitesini korurken iyi uygulamalar\u0131n g\u00f6r\u00fclmesini ve di\u011fer \u00fcye \u00fclkelere aktar\u0131lmas\u0131n\u0131 sa\u011flar.<\/p>","protected":false},"excerpt":{"rendered":"<p>The project develops a platform for various ranks of seafarers. The platform has an option to investigate acceptance\/endorsement of sea-going certificates. ENDORSEME project aims to: Identifies the problems associated with &#8230;<\/p>","protected":false},"author":2,"featured_media":0,"parent":0,"menu_order":0,"comment_status":"closed","ping_status":"closed","template":"","meta":{"footnotes":""},"class_list":["post-1487","page","type-page","status-publish","hentry"],"jetpack-related-posts":[],"jetpack_sharing_enabled":true,"_links":{"self":[{"href":"https:\/\/endorseme4seas.com\/tr\/wp-json\/wp\/v2\/pages\/1487","targetHints":{"allow":["GET"]}}],"collection":[{"href":"https:\/\/endorseme4seas.com\/tr\/wp-json\/wp\/v2\/pages"}],"about":[{"href":"https:\/\/endorseme4seas.com\/tr\/wp-json\/wp\/v2\/types\/page"}],"author":[{"embeddable":true,"href":"https:\/\/endorseme4seas.com\/tr\/wp-json\/wp\/v2\/users\/2"}],"replies":[{"embeddable":true,"href":"https:\/\/endorseme4seas.com\/tr\/wp-json\/wp\/v2\/comments?post=1487"}],"version-history":[{"count":4,"href":"https:\/\/endorseme4seas.com\/tr\/wp-json\/wp\/v2\/pages\/1487\/revisions"}],"predecessor-version":[{"id":1838,"href":"https:\/\/endorseme4seas.com\/tr\/wp-json\/wp\/v2\/pages\/1487\/revisions\/1838"}],"wp:attachment":[{"href":"https:\/\/endorseme4seas.com\/tr\/wp-json\/wp\/v2\/media?parent=1487"}],"curies":[{"name":"wp","href":"https:\/\/api.w.org\/{rel}","templated":true}]}}