{"id":1782,"date":"2023-06-06T07:59:41","date_gmt":"2023-06-06T07:59:41","guid":{"rendered":"https:\/\/endorseme4seas.com\/?page_id=1782"},"modified":"2023-10-05T12:47:22","modified_gmt":"2023-10-05T12:47:22","slug":"online-area","status":"publish","type":"page","link":"https:\/\/endorseme4seas.com\/tr\/online-area\/","title":{"rendered":"\u00c7evrimi\u00e7i Alan"},"content":{"rendered":"<p>\u00c7evrimi\u00e7i Alan, denizcilik sekt\u00f6r\u00fcyle ilgilenen t\u00fcm payda\u015flara, denizcilerin e\u011fitimi, sertifikasyonu ve sertifika tan\u0131nma s\u00fcre\u00e7leri hakk\u0131nda bilgi edinme olana\u011f\u0131 sunmaktad\u0131r.<\/p>\n\n\n\n<p>\u00c7evrimi\u00e7i Alanda EndorseMe Arac\u0131 veritaban\u0131 mevcuttur. Eri\u015fmek i\u00e7in l\u00fctfen \u00f6nce kurulu\u015funuzun e-posta adresini kullanarak kaydolun ve EndorseMe ekibinin onay s\u00fcrecini ba\u015flat\u0131n. Kay\u0131t olduktan sonra sizinle e-posta yoluyla ileti\u015fime ge\u00e7ilecektir.<\/p>\n\n\n\n<p><a href=\"https:\/\/endorseme4seas.com\/tr\/endorseme-tool-data\/\">EndorseMe Arac\u0131 veritaban\u0131na eri\u015fim<\/a><\/p>","protected":false},"excerpt":{"rendered":"<p>The Online Area provides the opportunity to all stakeholders interested in maritime industry, to find information about training and certification of the seafarers and certificate recognition processes. In the Online &#8230;<\/p>","protected":false},"author":2,"featured_media":0,"parent":0,"menu_order":0,"comment_status":"closed","ping_status":"closed","template":"template-fullwidth.php","meta":{"footnotes":""},"class_list":["post-1782","page","type-page","status-publish","hentry"],"jetpack-related-posts":[],"jetpack_sharing_enabled":true,"_links":{"self":[{"href":"https:\/\/endorseme4seas.com\/tr\/wp-json\/wp\/v2\/pages\/1782","targetHints":{"allow":["GET"]}}],"collection":[{"href":"https:\/\/endorseme4seas.com\/tr\/wp-json\/wp\/v2\/pages"}],"about":[{"href":"https:\/\/endorseme4seas.com\/tr\/wp-json\/wp\/v2\/types\/page"}],"author":[{"embeddable":true,"href":"https:\/\/endorseme4seas.com\/tr\/wp-json\/wp\/v2\/users\/2"}],"replies":[{"embeddable":true,"href":"https:\/\/endorseme4seas.com\/tr\/wp-json\/wp\/v2\/comments?post=1782"}],"version-history":[{"count":6,"href":"https:\/\/endorseme4seas.com\/tr\/wp-json\/wp\/v2\/pages\/1782\/revisions"}],"predecessor-version":[{"id":1870,"href":"https:\/\/endorseme4seas.com\/tr\/wp-json\/wp\/v2\/pages\/1782\/revisions\/1870"}],"wp:attachment":[{"href":"https:\/\/endorseme4seas.com\/tr\/wp-json\/wp\/v2\/media?parent=1782"}],"curies":[{"name":"wp","href":"https:\/\/api.w.org\/{rel}","templated":true}]}}