{"id":1800,"date":"2023-08-25T08:19:15","date_gmt":"2023-08-25T08:19:15","guid":{"rendered":"https:\/\/endorseme4seas.com\/?page_id=1800"},"modified":"2023-11-20T12:36:31","modified_gmt":"2023-11-20T12:36:31","slug":"conference","status":"publish","type":"page","link":"https:\/\/endorseme4seas.com\/tr\/conference\/","title":{"rendered":"ENDORSEME Konferans\u0131"},"content":{"rendered":"<figure class=\"wp-block-image size-full\"><img loading=\"lazy\" decoding=\"async\" width=\"120\" height=\"120\" src=\"https:\/\/endorseme4seas.com\/wp-content\/uploads\/2022\/06\/Endorseme4seas-Logo-e1654767529225.png\" alt=\"endorseme\" class=\"wp-image-1510\" srcset=\"https:\/\/endorseme4seas.com\/wp-content\/uploads\/2022\/06\/Endorseme4seas-Logo-e1654767529225.png 120w, https:\/\/endorseme4seas.com\/wp-content\/uploads\/2022\/06\/Endorseme4seas-Logo-e1654767529225-65x65.png 65w\" sizes=\"auto, (max-width: 120px) 100vw, 120px\" \/><\/figure>\n\n\n\n<h1 class=\"wp-block-heading\">7 Eyl\u00fcl 2023 <strong>Varna, Bulgaristan<\/strong><\/h1>\n\n\n\n<h3 class=\"wp-block-heading\">\u201cN. Vaptsarov\u201d Deniz Harp Okulu, ul. \u201cVasil Drumev\u201d 73, 9002 Merkez, Varna, Bulgaristan<\/h3>\n\n\n\n<p>Avrupa Konferans\u0131 <strong>Denizcilerin Kar\u015f\u0131l\u0131kl\u0131 Onaylamalar\u0131n\u0131n Sa\u011flanmas\u0131 Konusunda<\/strong> ENDORSEME ortakl\u0131\u011f\u0131 taraf\u0131ndan ev sahipli\u011fi yap\u0131l\u0131yor. Ortakl\u0131k, ENDORSEME adl\u0131 AB taraf\u0131ndan finanse edilen proje (<a rel=\"noreferrer noopener\" href=\"https:\/\/www.seasafer.com\/\" target=\"_blank\">endorseme4seas.com<\/a>) Avrupa \u00e7ap\u0131nda denizcilerin e\u011fitimi i\u00e7in bir platform sunarak <strong>Denizcilerin Kar\u015f\u0131l\u0131kl\u0131 Onaylamalar\u0131n\u0131n Sa\u011flanmas\u0131 Konusunda<\/strong> nihai amac\u0131 d\u00fcnya \u00e7ap\u0131nda denizde g\u00fcvenlik d\u00fczeyini art\u0131rmakt\u0131r. Konferans, ENDORSEME projesi ve ilgili AB projeleri ve teklifleri i\u00e7in ortaklar bulma f\u0131rsat\u0131d\u0131r.<\/p>\n\n\n\n<p><strong><em><strong><mark style=\"background-color:rgba(0, 0, 0, 0)\" class=\"has-inline-color has-black-color\">All of the presentations used in ENDORSEME Conference can be downloaded here:<\/mark><\/strong> <strong><mark style=\"background-color:rgba(0, 0, 0, 0)\" class=\"has-inline-color has-black-color\"><a href=\"https:\/\/endorseme4seas.com\/tr\/conference-presentations\/\">Presentations ENDORSEME Conference<\/a><\/mark><\/strong><\/em><\/strong><\/p>\n\n\n\n<p>Daha fazla bilgi i\u00e7in ileti\u015fim:<\/p>\n\n\n\n<p><strong>Bayan Desislava Zografova<\/strong><\/p>\n\n\n\n<p>Konferans Sekreteri, Avrupa ENDORSEME Konferans\u0131<\/p>\n\n\n\n<p><strong>N. Vaptsarov Deniz Harp Okulu<\/strong>&#8220;<\/p>\n\n\n\n<p>Tel: +370 699 112 45<\/p>\n\n\n\n<p>E-Posta&nbsp;<a href=\"mailto:erasmus@nvna.eu\">erasmus@nvna.eu<\/a><\/p>\n\n\n\n<h2 class=\"wp-block-heading\"><strong>L\u00fctfen Konferans G\u00fcndemine indirin:<\/strong><\/h2>\n\n\n\n<div class=\"wp-block-file\"><a id=\"wp-block-file--media-d990368a-9ad4-49c3-b07a-9b1a70541424\" href=\"https:\/\/endorseme4seas.com\/wp-content\/uploads\/2023\/09\/ENDORSEME-Conference-Agenda.pdf\" target=\"_blank\" rel=\"noreferrer noopener\">ENDORSEME-Conference-Agenda<\/a><a href=\"https:\/\/endorseme4seas.com\/wp-content\/uploads\/2023\/09\/ENDORSEME-Conference-Agenda.pdf\" class=\"wp-block-file__button wp-element-button\" download aria-describedby=\"wp-block-file--media-d990368a-9ad4-49c3-b07a-9b1a70541424\">Download<\/a><\/div>","protected":false},"excerpt":{"rendered":"<p>7 September, 2023 in Varna, Bulgaria Naval Academy &#8220;N. Vaptsarov&#8221;, ul. &#8220;Vasil Drumev&#8221; 73, 9002 Center, Varna, Bulgaria The European Conference on Enabling Seafarers to Mutual Endorsement is being hosted &#8230;<\/p>","protected":false},"author":1,"featured_media":0,"parent":0,"menu_order":0,"comment_status":"closed","ping_status":"closed","template":"template-fullwidth.php","meta":{"footnotes":""},"class_list":["post-1800","page","type-page","status-publish","hentry"],"jetpack-related-posts":[],"jetpack_sharing_enabled":true,"_links":{"self":[{"href":"https:\/\/endorseme4seas.com\/tr\/wp-json\/wp\/v2\/pages\/1800","targetHints":{"allow":["GET"]}}],"collection":[{"href":"https:\/\/endorseme4seas.com\/tr\/wp-json\/wp\/v2\/pages"}],"about":[{"href":"https:\/\/endorseme4seas.com\/tr\/wp-json\/wp\/v2\/types\/page"}],"author":[{"embeddable":true,"href":"https:\/\/endorseme4seas.com\/tr\/wp-json\/wp\/v2\/users\/1"}],"replies":[{"embeddable":true,"href":"https:\/\/endorseme4seas.com\/tr\/wp-json\/wp\/v2\/comments?post=1800"}],"version-history":[{"count":10,"href":"https:\/\/endorseme4seas.com\/tr\/wp-json\/wp\/v2\/pages\/1800\/revisions"}],"predecessor-version":[{"id":1890,"href":"https:\/\/endorseme4seas.com\/tr\/wp-json\/wp\/v2\/pages\/1800\/revisions\/1890"}],"wp:attachment":[{"href":"https:\/\/endorseme4seas.com\/tr\/wp-json\/wp\/v2\/media?parent=1800"}],"curies":[{"name":"wp","href":"https:\/\/api.w.org\/{rel}","templated":true}]}}